{"id":35514,"date":"2022-05-23T09:27:27","date_gmt":"2022-05-23T06:27:27","guid":{"rendered":"https:\/\/eaba-com.com\/des-propositions\/"},"modified":"2024-02-13T16:16:25","modified_gmt":"2024-02-13T13:16:25","slug":"des-propositions","status":"publish","type":"page","link":"https:\/\/eaba-com.com\/fr\/des-propositions\/","title":{"rendered":"Des propositions"},"content":{"rendered":"\t\t<div data-elementor-type=\"wp-page\" data-elementor-id=\"35514\" class=\"elementor elementor-35514 elementor-17264\" data-elementor-post-type=\"page\">\n\t\t\t\t\t\t<section class=\"elementor-section elementor-top-section elementor-element elementor-element-7cdb320 elementor-section-boxed elementor-section-height-default elementor-section-height-default\" data-id=\"7cdb320\" data-element_type=\"section\" data-e-type=\"section\" data-settings=\"{&quot;background_background&quot;:&quot;classic&quot;}\">\n\t\t\t\t\t\t\t<div class=\"elementor-background-overlay\"><\/div>\n\t\t\t\t\t\t\t<div class=\"elementor-container elementor-column-gap-no\">\n\t\t\t\t\t<div class=\"elementor-column elementor-col-100 elementor-top-column elementor-element elementor-element-13b964d\" data-id=\"13b964d\" data-element_type=\"column\" data-e-type=\"column\">\n\t\t\t<div class=\"elementor-widget-wrap elementor-element-populated\">\n\t\t\t\t\t\t<div class=\"elementor-element elementor-element-5812bc2d elementor-invisible elementor-widget elementor-widget-heading\" data-id=\"5812bc2d\" data-element_type=\"widget\" data-e-type=\"widget\" data-settings=\"{&quot;_animation&quot;:&quot;fadeInDown&quot;}\" data-widget_type=\"heading.default\">\n\t\t\t\t<div class=\"elementor-widget-container\">\n\t\t\t\t\t<h1 class=\"elementor-heading-title elementor-size-default\">Proposition d'\u00e9v\u00e9nements de l'EABA<\/h1>\t\t\t\t<\/div>\n\t\t\t\t<\/div>\n\t\t\t\t<div class=\"elementor-element elementor-element-2958fb90 elementor-widget-divider--view-line elementor-widget elementor-widget-divider\" data-id=\"2958fb90\" data-element_type=\"widget\" data-e-type=\"widget\" data-widget_type=\"divider.default\">\n\t\t\t\t<div class=\"elementor-widget-container\">\n\t\t\t\t\t\t\t<div class=\"elementor-divider\">\n\t\t\t<span class=\"elementor-divider-separator\">\n\t\t\t\t\t\t<\/span>\n\t\t<\/div>\n\t\t\t\t\t\t<\/div>\n\t\t\t\t<\/div>\n\t\t\t\t\t<\/div>\n\t\t<\/div>\n\t\t\t\t\t<\/div>\n\t\t<\/section>\n\t\t\t\t<section class=\"elementor-section elementor-top-section elementor-element elementor-element-a7673d9 elementor-section-boxed elementor-section-height-default elementor-section-height-default\" data-id=\"a7673d9\" data-element_type=\"section\" data-e-type=\"section\">\n\t\t\t\t\t\t<div class=\"elementor-container elementor-column-gap-default\">\n\t\t\t\t\t<div class=\"elementor-column elementor-col-100 elementor-top-column elementor-element elementor-element-156ea14\" data-id=\"156ea14\" data-element_type=\"column\" data-e-type=\"column\">\n\t\t\t<div class=\"elementor-widget-wrap elementor-element-populated\">\n\t\t\t\t\t\t<div class=\"elementor-element elementor-element-4778190 elementor-widget elementor-widget-text-editor\" data-id=\"4778190\" data-element_type=\"widget\" data-e-type=\"widget\" data-widget_type=\"text-editor.default\">\n\t\t\t\t<div class=\"elementor-widget-container\">\n\t\t\t\t\t\t\t\t\t<p>Merci pour votre gentille coop\u00e9ration avec nous<br \/>Veuillez noter toutes vos suggestions concernant les r\u00e9unions, \u00e9v\u00e9nements et les activit\u00e9s \u00e0 venir, Afin de prendre les mesures n\u00e9cessaires \u00e0 temps. <br \/>Veuillez r\u00e9diger un formulaire distinct pour chaque \u00e9v\u00e9nement<\/p>\n\t\t\t\t\t\t\t\t<\/div>\n\t\t\t\t<\/div>\n\t\t\t\t\t<\/div>\n\t\t<\/div>\n\t\t\t\t\t<\/div>\n\t\t<\/section>\n\t\t\t\t<section class=\"elementor-section elementor-top-section elementor-element elementor-element-c9b7496 elementor-section-boxed elementor-section-height-default elementor-section-height-default\" data-id=\"c9b7496\" data-element_type=\"section\" data-e-type=\"section\">\n\t\t\t\t\t\t<div class=\"elementor-container elementor-column-gap-default\">\n\t\t\t\t\t<div class=\"elementor-column elementor-col-100 elementor-top-column elementor-element elementor-element-dcc1f1c\" data-id=\"dcc1f1c\" data-element_type=\"column\" data-e-type=\"column\">\n\t\t\t<div class=\"elementor-widget-wrap elementor-element-populated\">\n\t\t\t\t\t\t<div class=\"elementor-element elementor-element-9278be5 elementor-widget elementor-widget-wpforms\" data-id=\"9278be5\" data-element_type=\"widget\" data-e-type=\"widget\" data-widget_type=\"wpforms.default\">\n\t\t\t\t<div class=\"elementor-widget-container\">\n\t\t\t\t\t<div class=\"wpforms-container \" id=\"wpforms-17253\"><form id=\"wpforms-form-17253\" class=\"wpforms-validate wpforms-form wpforms-ajax-form\" data-formid=\"17253\" method=\"post\" enctype=\"multipart\/form-data\" action=\"\/fr\/wp-json\/wp\/v2\/pages\/35514\" data-token=\"95a5e3df37eb757bb3fb07551c614566\"><noscript class=\"wpforms-error-noscript\">Veuillez activer JavaScript dans votre navigateur pour remplir ce formulaire.<\/noscript><div class=\"wpforms-field-container\"><div id=\"wpforms-17253-field_1-container\" class=\"wpforms-field wpforms-field-name\" data-field-id=\"1\"><label class=\"wpforms-field-label\" for=\"wpforms-17253-field_1\">Name  <span class=\"wpforms-required-label\">*<\/span><\/label><input type=\"text\" id=\"wpforms-17253-field_1\" class=\"wpforms-field-medium wpforms-field-required\" name=\"wpforms[fields][1]\" required><\/div><div id=\"wpforms-17253-field_3-container\" class=\"wpforms-field wpforms-field-phone\" data-field-id=\"3\"><label class=\"wpforms-field-label\" for=\"wpforms-17253-field_3\">Mobile  <span class=\"wpforms-required-label\">*<\/span><\/label><input type=\"tel\" id=\"wpforms-17253-field_3\" class=\"wpforms-field-medium wpforms-field-required wpforms-smart-phone-field\" data-rule-smart-phone-field=\"true\" name=\"wpforms[fields][3]\" required><\/div><div id=\"wpforms-17253-field_21-container\" class=\"wpforms-field wpforms-field-email\" data-field-id=\"21\"><label class=\"wpforms-field-label\" for=\"wpforms-17253-field_21\">Email <span class=\"wpforms-required-label\">*<\/span><\/label><input type=\"email\" id=\"wpforms-17253-field_21\" class=\"wpforms-field-medium wpforms-field-required\" name=\"wpforms[fields][21]\" required><\/div><div id=\"wpforms-17253-field_2-container\" class=\"wpforms-field wpforms-field-radio\" data-field-id=\"2\"><label class=\"wpforms-field-label\" for=\"wpforms-17253-field_2\">your Membership type   <span class=\"wpforms-required-label\">*<\/span><\/label><ul id=\"wpforms-17253-field_2\" class=\"wpforms-field-required\"><li class=\"choice-1 depth-1\"><input type=\"radio\" id=\"wpforms-17253-field_2_1\" name=\"wpforms[fields][2]\" value=\"Association member \" required ><label class=\"wpforms-field-label-inline\" for=\"wpforms-17253-field_2_1\">Association member <\/label><\/li><li class=\"choice-2 depth-1\"><input type=\"radio\" id=\"wpforms-17253-field_2_2\" name=\"wpforms[fields][2]\" value=\"Representative abroad \" required ><label class=\"wpforms-field-label-inline\" for=\"wpforms-17253-field_2_2\">Representative abroad <\/label><\/li><li class=\"choice-3 depth-1\"><input type=\"radio\" id=\"wpforms-17253-field_2_3\" name=\"wpforms[fields][2]\" value=\"other \" required ><label class=\"wpforms-field-label-inline\" for=\"wpforms-17253-field_2_3\">other <\/label><\/li><\/ul><\/div><div id=\"wpforms-17253-field_4-container\" class=\"wpforms-field wpforms-field-text\" data-field-id=\"4\"><label class=\"wpforms-field-label\" for=\"wpforms-17253-field_4\">Event title <span class=\"wpforms-required-label\">*<\/span><\/label><input type=\"text\" id=\"wpforms-17253-field_4\" class=\"wpforms-field-medium wpforms-field-required\" name=\"wpforms[fields][4]\" required><\/div><div id=\"wpforms-17253-field_5-container\" class=\"wpforms-field wpforms-field-checkbox\" data-field-id=\"5\"><label class=\"wpforms-field-label\" for=\"wpforms-17253-field_5\">Event type  <span class=\"wpforms-required-label\">*<\/span><\/label><ul id=\"wpforms-17253-field_5\" class=\"wpforms-field-required\"><li class=\"choice-1 depth-1\"><input type=\"checkbox\" id=\"wpforms-17253-field_5_1\" name=\"wpforms[fields][5][]\" value=\"conference \" required ><label class=\"wpforms-field-label-inline\" for=\"wpforms-17253-field_5_1\">conference <\/label><\/li><li class=\"choice-2 depth-1\"><input type=\"checkbox\" id=\"wpforms-17253-field_5_2\" name=\"wpforms[fields][5][]\" value=\"Workshop \" required ><label class=\"wpforms-field-label-inline\" for=\"wpforms-17253-field_5_2\">Workshop <\/label><\/li><li class=\"choice-3 depth-1\"><input type=\"checkbox\" id=\"wpforms-17253-field_5_3\" name=\"wpforms[fields][5][]\" value=\"Webinar \" required ><label class=\"wpforms-field-label-inline\" for=\"wpforms-17253-field_5_3\">Webinar <\/label><\/li><li class=\"choice-4 depth-1\"><input type=\"checkbox\" id=\"wpforms-17253-field_5_4\" name=\"wpforms[fields][5][]\" value=\"Seminar \" required ><label class=\"wpforms-field-label-inline\" for=\"wpforms-17253-field_5_4\">Seminar <\/label><\/li><li class=\"choice-5 depth-1\"><input type=\"checkbox\" id=\"wpforms-17253-field_5_5\" name=\"wpforms[fields][5][]\" value=\"Meeting \" required ><label class=\"wpforms-field-label-inline\" for=\"wpforms-17253-field_5_5\">Meeting <\/label><\/li><li class=\"choice-6 depth-1\"><input type=\"checkbox\" id=\"wpforms-17253-field_5_6\" name=\"wpforms[fields][5][]\" value=\"Trade Show \" required ><label class=\"wpforms-field-label-inline\" for=\"wpforms-17253-field_5_6\">Trade Show <\/label><\/li><li class=\"choice-7 depth-1\"><input type=\"checkbox\" id=\"wpforms-17253-field_5_7\" name=\"wpforms[fields][5][]\" value=\"Virtual Ceremony \" required ><label class=\"wpforms-field-label-inline\" for=\"wpforms-17253-field_5_7\">Virtual Ceremony <\/label><\/li><li class=\"choice-8 depth-1\"><input type=\"checkbox\" id=\"wpforms-17253-field_5_8\" name=\"wpforms[fields][5][]\" value=\"Training \" required ><label class=\"wpforms-field-label-inline\" for=\"wpforms-17253-field_5_8\">Training <\/label><\/li><li class=\"choice-9 depth-1\"><input type=\"checkbox\" id=\"wpforms-17253-field_5_9\" name=\"wpforms[fields][5][]\" value=\"Content Production \" required ><label class=\"wpforms-field-label-inline\" for=\"wpforms-17253-field_5_9\">Content Production <\/label><\/li><li class=\"choice-10 depth-1\"><input type=\"checkbox\" id=\"wpforms-17253-field_5_10\" name=\"wpforms[fields][5][]\" value=\"Q&amp;A Sessions \" required ><label class=\"wpforms-field-label-inline\" for=\"wpforms-17253-field_5_10\">Q&amp;A Sessions <\/label><\/li><\/ul><\/div><div id=\"wpforms-17253-field_6-container\" class=\"wpforms-field wpforms-field-textarea\" data-field-id=\"6\"><label class=\"wpforms-field-label\" for=\"wpforms-17253-field_6\">Introduction (maximum 3 lines)  <span class=\"wpforms-required-label\">*<\/span><\/label><textarea id=\"wpforms-17253-field_6\" class=\"wpforms-field-medium wpforms-field-required\" name=\"wpforms[fields][6]\" required><\/textarea><\/div><div id=\"wpforms-17253-field_7-container\" class=\"wpforms-field wpforms-field-textarea\" data-field-id=\"7\"><label class=\"wpforms-field-label\" for=\"wpforms-17253-field_7\">Goals (maximum 3 goals) <span class=\"wpforms-required-label\">*<\/span><\/label><textarea id=\"wpforms-17253-field_7\" class=\"wpforms-field-medium wpforms-field-required\" name=\"wpforms[fields][7]\" required><\/textarea><\/div><div id=\"wpforms-17253-field_8-container\" class=\"wpforms-field wpforms-field-text\" data-field-id=\"8\"><label class=\"wpforms-field-label\" for=\"wpforms-17253-field_8\">Target audience  <span class=\"wpforms-required-label\">*<\/span><\/label><input type=\"text\" id=\"wpforms-17253-field_8\" class=\"wpforms-field-medium wpforms-field-required\" name=\"wpforms[fields][8]\" required><\/div><div id=\"wpforms-17253-field_9-container\" class=\"wpforms-field wpforms-field-text\" data-field-id=\"9\"><label class=\"wpforms-field-label\" for=\"wpforms-17253-field_9\">Suggested date (from: to: )  <span class=\"wpforms-required-label\">*<\/span><\/label><input type=\"text\" id=\"wpforms-17253-field_9\" class=\"wpforms-field-medium wpforms-field-required\" name=\"wpforms[fields][9]\" required><\/div><div id=\"wpforms-17253-field_10-container\" class=\"wpforms-field wpforms-field-checkbox\" data-field-id=\"10\"><label class=\"wpforms-field-label\" for=\"wpforms-17253-field_10\">Suggested time  <span class=\"wpforms-required-label\">*<\/span><\/label><ul id=\"wpforms-17253-field_10\" class=\"wpforms-field-required\"><li class=\"choice-1 depth-1\"><input type=\"checkbox\" id=\"wpforms-17253-field_10_1\" name=\"wpforms[fields][10][]\" value=\"Morning \" required ><label class=\"wpforms-field-label-inline\" for=\"wpforms-17253-field_10_1\">Morning <\/label><\/li><li class=\"choice-2 depth-1\"><input type=\"checkbox\" id=\"wpforms-17253-field_10_2\" name=\"wpforms[fields][10][]\" value=\"Evening \" required ><label class=\"wpforms-field-label-inline\" for=\"wpforms-17253-field_10_2\">Evening <\/label><\/li><li class=\"choice-3 depth-1\"><input type=\"checkbox\" id=\"wpforms-17253-field_10_3\" name=\"wpforms[fields][10][]\" value=\"other \" required ><label class=\"wpforms-field-label-inline\" for=\"wpforms-17253-field_10_3\">other <\/label><\/li><\/ul><\/div><div id=\"wpforms-17253-field_11-container\" class=\"wpforms-field wpforms-field-text\" data-field-id=\"11\"><label class=\"wpforms-field-label\" for=\"wpforms-17253-field_11\">Keynote Speakers  <span class=\"wpforms-required-label\">*<\/span><\/label><input type=\"text\" id=\"wpforms-17253-field_11\" class=\"wpforms-field-medium wpforms-field-required\" name=\"wpforms[fields][11]\" required><\/div><div id=\"wpforms-17253-field_12-container\" class=\"wpforms-field wpforms-field-textarea\" data-field-id=\"12\"><label class=\"wpforms-field-label\" for=\"wpforms-17253-field_12\">Governmental &amp; Official speaker : Name- Title &amp; Company- Title of his speech- email  <span class=\"wpforms-required-label\">*<\/span><\/label><textarea id=\"wpforms-17253-field_12\" class=\"wpforms-field-medium wpforms-field-required\" name=\"wpforms[fields][12]\" required><\/textarea><\/div><div id=\"wpforms-17253-field_13-container\" class=\"wpforms-field wpforms-field-textarea\" data-field-id=\"13\"><label class=\"wpforms-field-label\" for=\"wpforms-17253-field_13\">First speaker : Name- Title &amp; Company- Title of his speech- email  <span class=\"wpforms-required-label\">*<\/span><\/label><textarea id=\"wpforms-17253-field_13\" class=\"wpforms-field-medium wpforms-field-required\" name=\"wpforms[fields][13]\" required><\/textarea><\/div><div id=\"wpforms-17253-field_14-container\" class=\"wpforms-field wpforms-field-textarea\" data-field-id=\"14\"><label class=\"wpforms-field-label\" for=\"wpforms-17253-field_14\">Second speaker : Name- Title &amp; Company- Title of his speech- email  <span class=\"wpforms-required-label\">*<\/span><\/label><textarea id=\"wpforms-17253-field_14\" class=\"wpforms-field-medium wpforms-field-required\" name=\"wpforms[fields][14]\" required><\/textarea><\/div><div id=\"wpforms-17253-field_15-container\" class=\"wpforms-field wpforms-field-textarea\" data-field-id=\"15\"><label class=\"wpforms-field-label\" for=\"wpforms-17253-field_15\">Third speaker : Name- Title &amp; Company- Title of his speech- email <\/label><textarea id=\"wpforms-17253-field_15\" class=\"wpforms-field-medium\" name=\"wpforms[fields][15]\" ><\/textarea><\/div><div id=\"wpforms-17253-field_16-container\" class=\"wpforms-field wpforms-field-textarea\" data-field-id=\"16\"><label class=\"wpforms-field-label\" for=\"wpforms-17253-field_16\">Fourth speaker : Name- Title &amp; Company- Title of his speech- email <\/label><textarea id=\"wpforms-17253-field_16\" class=\"wpforms-field-medium\" name=\"wpforms[fields][16]\" ><\/textarea><\/div><div id=\"wpforms-17253-field_17-container\" class=\"wpforms-field wpforms-field-textarea\" data-field-id=\"17\"><label class=\"wpforms-field-label\" for=\"wpforms-17253-field_17\">Fifth speaker : Name- Title &amp; Company- Title of his speech- email <\/label><textarea id=\"wpforms-17253-field_17\" class=\"wpforms-field-medium\" name=\"wpforms[fields][17]\" ><\/textarea><\/div><div id=\"wpforms-17253-field_18-container\" class=\"wpforms-field wpforms-field-textarea\" data-field-id=\"18\"><label class=\"wpforms-field-label\" for=\"wpforms-17253-field_18\">Sixth speaker : Name- Title &amp; Company- Title of his speech- email <\/label><textarea id=\"wpforms-17253-field_18\" class=\"wpforms-field-medium\" name=\"wpforms[fields][18]\" ><\/textarea><\/div><div id=\"wpforms-17253-field_19-container\" class=\"wpforms-field wpforms-field-textarea\" data-field-id=\"19\"><label class=\"wpforms-field-label\" for=\"wpforms-17253-field_19\">Other speakers<\/label><textarea id=\"wpforms-17253-field_19\" class=\"wpforms-field-medium\" name=\"wpforms[fields][19]\" ><\/textarea><\/div><div id=\"wpforms-17253-field_20-container\" class=\"wpforms-field wpforms-field-textarea\" data-field-id=\"20\"><label class=\"wpforms-field-label\" for=\"wpforms-17253-field_20\">More details <span class=\"wpforms-required-label\">*<\/span><\/label><textarea id=\"wpforms-17253-field_20\" class=\"wpforms-field-medium wpforms-field-required\" name=\"wpforms[fields][20]\" required><\/textarea><\/div><\/div><div class=\"wpforms-submit-container\"><input type=\"hidden\" name=\"wpforms[id]\" value=\"17253\"><input type=\"hidden\" name=\"wpforms[author]\" value=\"454\"><button type=\"submit\" name=\"wpforms[submit]\" id=\"wpforms-submit-17253\" class=\"wpforms-submit\" data-alt-text=\"Sending...\" data-submit-text=\"Submit\" aria-live=\"assertive\" value=\"wpforms-submit\">Submit<\/button><img decoding=\"async\" src=\"https:\/\/eaba-com.com\/wp-content\/plugins\/wpforms\/assets\/images\/submit-spin.svg\" class=\"wpforms-submit-spinner\" style=\"display: none;\" width=\"26\" height=\"26\" alt=\"\"><\/div><\/form><\/div>  <!-- .wpforms-container -->\t\t\t\t<\/div>\n\t\t\t\t<\/div>\n\t\t\t\t\t<\/div>\n\t\t<\/div>\n\t\t\t\t\t<\/div>\n\t\t<\/section>\n\t\t\t\t<\/div>\n\t\t","protected":false},"excerpt":{"rendered":"<p>Proposition d&rsquo;\u00e9v\u00e9nements de l&rsquo;EABA Merci pour votre gentille coop\u00e9ration avec nousVeuillez noter toutes vos suggestions concernant les r\u00e9unions, \u00e9v\u00e9nements et les activit\u00e9s \u00e0 venir, Afin [&hellip;]<\/p>\n","protected":false},"author":454,"featured_media":0,"parent":0,"menu_order":0,"comment_status":"closed","ping_status":"closed","template":"","meta":{"pmpro_default_level":"","site-sidebar-layout":"no-sidebar","site-content-layout":"page-builder","ast-site-content-layout":"default","site-content-style":"default","site-sidebar-style":"default","ast-global-header-display":"","ast-banner-title-visibility":"","ast-main-header-display":"","ast-hfb-above-header-display":"","ast-hfb-below-header-display":"","ast-hfb-mobile-header-display":"","site-post-title":"disabled","ast-breadcrumbs-content":"","ast-featured-img":"disabled","footer-sml-layout":"","ast-disable-related-posts":"","theme-transparent-header-meta":"","adv-header-id-meta":"","stick-header-meta":"","header-above-stick-meta":"","header-main-stick-meta":"","header-below-stick-meta":"","astra-migrate-meta-layouts":"default","ast-page-background-enabled":"default","ast-page-background-meta":{"desktop":{"background-color":"","background-image":"","background-repeat":"repeat","background-position":"center center","background-size":"auto","background-attachment":"scroll","background-type":"","background-media":"","overlay-type":"","overlay-color":"","overlay-opacity":"","overlay-gradient":""},"tablet":{"background-color":"","background-image":"","background-repeat":"repeat","background-position":"center center","background-size":"auto","background-attachment":"scroll","background-type":"","background-media":"","overlay-type":"","overlay-color":"","overlay-opacity":"","overlay-gradient":""},"mobile":{"background-color":"","background-image":"","background-repeat":"repeat","background-position":"center center","background-size":"auto","background-attachment":"scroll","background-type":"","background-media":"","overlay-type":"","overlay-color":"","overlay-opacity":"","overlay-gradient":""}},"ast-content-background-meta":{"desktop":{"background-color":"var(--ast-global-color-5)","background-image":"","background-repeat":"repeat","background-position":"center center","background-size":"auto","background-attachment":"scroll","background-type":"","background-media":"","overlay-type":"","overlay-color":"","overlay-opacity":"","overlay-gradient":""},"tablet":{"background-color":"var(--ast-global-color-5)","background-image":"","background-repeat":"repeat","background-position":"center center","background-size":"auto","background-attachment":"scroll","background-type":"","background-media":"","overlay-type":"","overlay-color":"","overlay-opacity":"","overlay-gradient":""},"mobile":{"background-color":"var(--ast-global-color-5)","background-image":"","background-repeat":"repeat","background-position":"center center","background-size":"auto","background-attachment":"scroll","background-type":"","background-media":"","overlay-type":"","overlay-color":"","overlay-opacity":"","overlay-gradient":""}},"footnotes":""},"class_list":["post-35514","page","type-page","status-publish","hentry","pmpro-has-access"],"_links":{"self":[{"href":"https:\/\/eaba-com.com\/fr\/wp-json\/wp\/v2\/pages\/35514","targetHints":{"allow":["GET"]}}],"collection":[{"href":"https:\/\/eaba-com.com\/fr\/wp-json\/wp\/v2\/pages"}],"about":[{"href":"https:\/\/eaba-com.com\/fr\/wp-json\/wp\/v2\/types\/page"}],"author":[{"embeddable":true,"href":"https:\/\/eaba-com.com\/fr\/wp-json\/wp\/v2\/users\/454"}],"replies":[{"embeddable":true,"href":"https:\/\/eaba-com.com\/fr\/wp-json\/wp\/v2\/comments?post=35514"}],"version-history":[{"count":0,"href":"https:\/\/eaba-com.com\/fr\/wp-json\/wp\/v2\/pages\/35514\/revisions"}],"wp:attachment":[{"href":"https:\/\/eaba-com.com\/fr\/wp-json\/wp\/v2\/media?parent=35514"}],"curies":[{"name":"wp","href":"https:\/\/api.w.org\/{rel}","templated":true}]}}