{"id":35495,"date":"2018-10-04T06:18:10","date_gmt":"2018-10-04T03:18:10","guid":{"rendered":"https:\/\/eaba-com.com\/a-propos-de-nous\/"},"modified":"2026-04-05T12:11:50","modified_gmt":"2026-04-05T09:11:50","slug":"a-propos-de-nous","status":"publish","type":"page","link":"https:\/\/eaba-com.com\/fr\/a-propos-de-nous\/","title":{"rendered":"\u00c0 propos de Nous"},"content":{"rendered":"\t\t<div data-elementor-type=\"wp-post\" data-elementor-id=\"35495\" class=\"elementor elementor-35495 elementor-8\" data-elementor-post-type=\"page\">\n\t\t\t\t\t\t<section class=\"elementor-section elementor-top-section elementor-element elementor-element-7d439393 elementor-section-boxed elementor-section-height-default elementor-section-height-default\" data-id=\"7d439393\" data-element_type=\"section\" data-e-type=\"section\" data-settings=\"{&quot;background_background&quot;:&quot;classic&quot;}\">\n\t\t\t\t\t\t\t<div class=\"elementor-background-overlay\"><\/div>\n\t\t\t\t\t\t\t<div class=\"elementor-container elementor-column-gap-no\">\n\t\t\t\t\t<div class=\"elementor-column elementor-col-100 elementor-top-column elementor-element elementor-element-3474ac6a\" data-id=\"3474ac6a\" data-element_type=\"column\" data-e-type=\"column\">\n\t\t\t<div class=\"elementor-widget-wrap elementor-element-populated\">\n\t\t\t\t\t\t<div class=\"elementor-element elementor-element-7b415e3 elementor-invisible elementor-widget elementor-widget-heading\" data-id=\"7b415e3\" data-element_type=\"widget\" data-e-type=\"widget\" data-settings=\"{&quot;_animation&quot;:&quot;fadeInDown&quot;}\" data-widget_type=\"heading.default\">\n\t\t\t\t<div class=\"elementor-widget-container\">\n\t\t\t\t\t<h1 class=\"elementor-heading-title elementor-size-default\">\u00c0 propos de Nous<\/h1>\t\t\t\t<\/div>\n\t\t\t\t<\/div>\n\t\t\t\t<div class=\"elementor-element elementor-element-6add383c elementor-widget-divider--view-line elementor-widget elementor-widget-divider\" data-id=\"6add383c\" data-element_type=\"widget\" data-e-type=\"widget\" data-widget_type=\"divider.default\">\n\t\t\t\t<div class=\"elementor-widget-container\">\n\t\t\t\t\t\t\t<div class=\"elementor-divider\">\n\t\t\t<span class=\"elementor-divider-separator\">\n\t\t\t\t\t\t<\/span>\n\t\t<\/div>\n\t\t\t\t\t\t<\/div>\n\t\t\t\t<\/div>\n\t\t\t\t\t<\/div>\n\t\t<\/div>\n\t\t\t\t\t<\/div>\n\t\t<\/section>\n\t\t\t\t<section class=\"elementor-section elementor-top-section elementor-element elementor-element-5bab5e22 elementor-section-content-middle elementor-section-boxed elementor-section-height-default elementor-section-height-default\" data-id=\"5bab5e22\" data-element_type=\"section\" data-e-type=\"section\">\n\t\t\t\t\t\t<div class=\"elementor-container elementor-column-gap-no\">\n\t\t\t\t\t<div class=\"elementor-column elementor-col-50 elementor-top-column elementor-element elementor-element-2c72dcdd\" data-id=\"2c72dcdd\" data-element_type=\"column\" data-e-type=\"column\">\n\t\t\t<div class=\"elementor-widget-wrap elementor-element-populated\">\n\t\t\t\t\t\t<div class=\"elementor-element elementor-element-3042a717 elementor-widget__width-auto elementor-widget-divider--view-line elementor-widget elementor-widget-divider\" data-id=\"3042a717\" data-element_type=\"widget\" data-e-type=\"widget\" data-widget_type=\"divider.default\">\n\t\t\t\t<div class=\"elementor-widget-container\">\n\t\t\t\t\t\t\t<div class=\"elementor-divider\">\n\t\t\t<span class=\"elementor-divider-separator\">\n\t\t\t\t\t\t<\/span>\n\t\t<\/div>\n\t\t\t\t\t\t<\/div>\n\t\t\t\t<\/div>\n\t\t\t\t<div class=\"elementor-element elementor-element-534ca0be elementor-widget__width-auto elementor-invisible elementor-widget elementor-widget-heading\" data-id=\"534ca0be\" data-element_type=\"widget\" data-e-type=\"widget\" data-settings=\"{&quot;_animation&quot;:&quot;fadeInLeft&quot;}\" data-widget_type=\"heading.default\">\n\t\t\t\t<div class=\"elementor-widget-container\">\n\t\t\t\t\t<h5 class=\"elementor-heading-title elementor-size-default\">Association des hommes d\u2019affaires Egyptiens et Africains.<\/h5>\t\t\t\t<\/div>\n\t\t\t\t<\/div>\n\t\t\t\t<div class=\"elementor-element elementor-element-54e26580 elementor-invisible elementor-widget elementor-widget-heading\" data-id=\"54e26580\" data-element_type=\"widget\" data-e-type=\"widget\" data-settings=\"{&quot;_animation&quot;:&quot;fadeInLeft&quot;}\" data-widget_type=\"heading.default\">\n\t\t\t\t<div class=\"elementor-widget-container\">\n\t\t\t\t\t<h1 class=\"elementor-heading-title elementor-size-default\">EABA<\/h1>\t\t\t\t<\/div>\n\t\t\t\t<\/div>\n\t\t\t\t<div class=\"elementor-element elementor-element-1d644c19 elementor-invisible elementor-widget elementor-widget-text-editor\" data-id=\"1d644c19\" data-element_type=\"widget\" data-e-type=\"widget\" data-settings=\"{&quot;_animation&quot;:&quot;fadeInUp&quot;}\" data-widget_type=\"text-editor.default\">\n\t\t\t\t<div class=\"elementor-widget-container\">\n\t\t\t\t\t\t\t\t\t<ul><li>L\u2019association des hommes d\u2019affaires egyptiens et africains a \u00e9t\u00e9 cr\u00e9\u00e9e au debut de 2020 et notari\u00e9 no.11455 de 2021. -Dans la vie economique pleine de d\u00e9fis et de difficult\u00e9s ,o\u00f9 les d\u00e9tails abondent , les objectifs et les d\u00e9sirs se chevauchent, et avec les nombreuses interconnexions et chevauchements des int\u00e9r\u00eats \u00e9conomiques au continent africain.- -Un groupe d&rsquo;hommes d&rsquo;affaires \u00e9gyptiens a d\u00e9cid\u00e9 d&rsquo;exploiter le chevauchement des objectifs \u00e9conomiques et l&rsquo;abondance des d\u00e9tails pour cr\u00e9er un nouveau mod\u00e8le et puissant de les organisations d&rsquo;affaires et la soci\u00e9t\u00e9 civile dans le domaine de l&rsquo;investissement et de l&rsquo;\u00e9conomie, Leur volont\u00e9s de servir la roue de la production et de guider les hommes d\u2019affaires en Egypte et le continent africain de prendre des proc\u00e9dures fortes sans crainte d&rsquo;expansion. les fondateurs ont tir\u00e9 leur vision de la direction et leadership egyptiens \u00e0 travers le soutien au travail et \u00e0 la coop\u00e9ration commune au niveau international africain, Ce que nous avons toujours r\u00eav\u00e9 d&rsquo;atteindre, Alors que l&rsquo;association a pris sur elle la t\u00e2che d&rsquo;unir des efforts du secteur priv\u00e9 africain pour la renforcer sa capacit\u00e9 de production et passer \u00e0 une nouvelle \u00e9tape de progr\u00e8s et de modernit\u00e9.<\/li><li><p>Au milieu de ce grand emp\u00e9tre, L&rsquo;association cherche \u00e0 r\u00e9soudre tous les n\u0153uds et \u00e0 \u00e9clairer la voie pour la communaut\u00e9 des affaires africaine, et vise \u00e0 apporter un changement positif dans tout son travail, Elle a une vision claire qui met l\u2019accent sur la valeur du travail public et communautaire et sert l\u2019\u00e9conomie africaine dans son ensemble et non des individus ou des groupes sp\u00e9cifiques. Elle est \u00e9galement qualifi\u00e9e pour le faire gr\u00e2ce \u00e0 ses membres hautement exp\u00e9riment\u00e9s dans divers secteurs, Parcequ\u2019on a une soci\u00e9t\u00e9 qui accepte toutes les exp\u00e9riences et toutes les id\u00e9es pour que nos membres soient fiers d&rsquo;y \u00eatre pr\u00e9sents, en tenant compte de la priorit\u00e9 du d\u00e9veloppement et de la modernisation pour servir la vision de l&rsquo;\u00e9poque, et de relever les d\u00e9fis successifs pour que to le monde profite.<\/p><\/li><\/ul>\t\t\t\t\t\t\t\t<\/div>\n\t\t\t\t<\/div>\n\t\t\t\t\t<\/div>\n\t\t<\/div>\n\t\t\t\t<div class=\"elementor-column elementor-col-50 elementor-top-column elementor-element elementor-element-46e14e27\" data-id=\"46e14e27\" data-element_type=\"column\" data-e-type=\"column\" data-settings=\"{&quot;background_background&quot;:&quot;classic&quot;}\">\n\t\t\t<div class=\"elementor-widget-wrap elementor-element-populated\">\n\t\t\t\t\t<div class=\"elementor-background-overlay\"><\/div>\n\t\t\t\t\t\t<div class=\"elementor-element elementor-element-1d11dcd elementor-invisible elementor-widget elementor-widget-text-editor\" data-id=\"1d11dcd\" data-element_type=\"widget\" data-e-type=\"widget\" data-settings=\"{&quot;_animation&quot;:&quot;fadeInRight&quot;}\" data-widget_type=\"text-editor.default\">\n\t\t\t\t<div class=\"elementor-widget-container\">\n\t\t\t\t\t\t\t\t\t<div class=\"wpb_text_column wpb_content_element \"><div class=\"wpb_wrapper\"><ul><li>L&rsquo;Association estime que les recommandations du societ\u00e9 des affaires qui sont pr\u00e9sent\u00e9es aux d\u00e9cideurs doivent \u00eatre appuy\u00e9es par des arguments et une logique fond\u00e9es sur des \u00e9tudes, des exp\u00e9riences et des fondements scientifiques, C&rsquo;est la v\u00e9ritable transition vers l&rsquo;avenir. Elle doit porter un principe, qui est le b\u00e9n\u00e9fice mutuel et la primaut\u00e9 du bien public. L&rsquo;Association travaille avec diligence de la part de tous ses membres d&rsquo;exploiter l&rsquo;exp\u00e9rience accumul\u00e9e et fournir ses efforts incessants , faire progresser l\u2019\u00e9conomie africaine ,renforcer sa comp\u00e9titivit\u00e9 et interagir avec les d\u00e9veloppements et les changements en unifiant les visions de ses membres pour apporter les meilleures solutions aux probl\u00e8mes de l\u2019\u00e9conomie africaine.<\/li><li><p>Lors de la cr\u00e9ation de notre association, nous nous sommes engag\u00e9s \u00e0 attirer nos membres s\u00e9lectionn\u00e9s qu&rsquo;ils viennent de l&rsquo;\u00c9gypte ou de l&rsquo;ext\u00e9rieur de la part des peuples du continent Africain ou des hommes d\u2019affaires internationaux . L&rsquo;Association a d\u00e9ploy\u00e9 des efforts pour \u00e9tablir des m\u00e9canismes administratifs et techniques pour assurer la r\u00e9alisation de cet objectif et s&rsquo;efforce de fournir le soutien n\u00e9cessaire \u00e0 tous ses membres, afin qu&rsquo;ils fassent partie du d\u00e9veloppement et de la croissance continus de l&rsquo;\u00e9conomie africaine.<\/p><\/li><li>L&rsquo;association repose sur un ensemble de conditions d&rsquo;adh\u00e9sion, Afin d&rsquo;assurer l&rsquo;exactitude et la bonne s\u00e9lection, et de mettre l&rsquo;accent sur la r\u00e9alisation de ses objectifs ,De permettre l&rsquo;\u00e9change d&rsquo;opinions,Et la bonne audition de tous les cadres et technocrates, Et ne permet pas d&rsquo;imposer un langage d&rsquo;int\u00e9r\u00eats sp\u00e9cifiques et met l&rsquo;accent sur la combinaison de l&rsquo;exp\u00e9rience adulte, de l&rsquo;\u00e9nergie de la jeunesse et de la sagesse pour assurer une repr\u00e9sentation communautaire efficace qui accueille tout le monde et permet \u00e0 l\u2019Afrique d\u2019acc\u00e9der \u00e0 une position de leader sur la carte des \u00e9conomies mondial. \u00e9conomies<\/li><\/ul><\/div><\/div>\t\t\t\t\t\t\t\t<\/div>\n\t\t\t\t<\/div>\n\t\t\t\t\t<\/div>\n\t\t<\/div>\n\t\t\t\t\t<\/div>\n\t\t<\/section>\n\t\t\t\t<section class=\"elementor-section elementor-top-section elementor-element elementor-element-a0b5594 elementor-section-boxed elementor-section-height-default elementor-section-height-default\" data-id=\"a0b5594\" data-element_type=\"section\" data-e-type=\"section\" data-settings=\"{&quot;background_background&quot;:&quot;classic&quot;}\">\n\t\t\t\t\t\t<div class=\"elementor-container elementor-column-gap-default\">\n\t\t\t\t\t<div class=\"elementor-column elementor-col-33 elementor-top-column elementor-element elementor-element-7b5e495 elementor-invisible\" data-id=\"7b5e495\" data-element_type=\"column\" data-e-type=\"column\" data-settings=\"{&quot;animation&quot;:&quot;fadeInLeft&quot;,&quot;background_background&quot;:&quot;classic&quot;}\">\n\t\t\t<div class=\"elementor-widget-wrap elementor-element-populated\">\n\t\t\t\t\t\t<div class=\"elementor-element elementor-element-302c88b elementor-view-default elementor-position-block-start elementor-mobile-position-block-start elementor-widget elementor-widget-icon-box\" data-id=\"302c88b\" data-element_type=\"widget\" data-e-type=\"widget\" data-widget_type=\"icon-box.default\">\n\t\t\t\t<div class=\"elementor-widget-container\">\n\t\t\t\t\t\t\t<div class=\"elementor-icon-box-wrapper\">\n\n\t\t\t\t\t\t<div class=\"elementor-icon-box-icon\">\n\t\t\t\t<span  class=\"elementor-icon\">\n\t\t\t\t<i aria-hidden=\"true\" class=\"far fa-eye\"><\/i>\t\t\t\t<\/span>\n\t\t\t<\/div>\n\t\t\t\n\t\t\t\t\t\t<div class=\"elementor-icon-box-content\">\n\n\t\t\t\t\t\t\t\t\t<h3 class=\"elementor-icon-box-title\">\n\t\t\t\t\t\t<span  >\n\t\t\t\t\t\t\tLa vision\t\t\t\t\t\t<\/span>\n\t\t\t\t\t<\/h3>\n\t\t\t\t\n\t\t\t\t\t\t\t\t\t<p class=\"elementor-icon-box-description\">\n\t\t\t\t\t\tParticipation effective \u00e0 l\u2019int\u00e9gration de l\u2019\u00e9conomie \u00e9gyptienne et africaine au niveau mondial.\t\t\t\t\t<\/p>\n\t\t\t\t\n\t\t\t<\/div>\n\t\t\t\n\t\t<\/div>\n\t\t\t\t\t\t<\/div>\n\t\t\t\t<\/div>\n\t\t\t\t\t<\/div>\n\t\t<\/div>\n\t\t\t\t<div class=\"elementor-column elementor-col-33 elementor-top-column elementor-element elementor-element-4f22920 elementor-invisible\" data-id=\"4f22920\" data-element_type=\"column\" data-e-type=\"column\" data-settings=\"{&quot;animation&quot;:&quot;fadeInUp&quot;,&quot;background_background&quot;:&quot;classic&quot;}\">\n\t\t\t<div class=\"elementor-widget-wrap elementor-element-populated\">\n\t\t\t\t\t<div class=\"elementor-background-overlay\"><\/div>\n\t\t\t\t\t\t<div class=\"elementor-element elementor-element-4fc45c6 elementor-view-default elementor-position-block-start elementor-mobile-position-block-start elementor-widget elementor-widget-icon-box\" data-id=\"4fc45c6\" data-element_type=\"widget\" data-e-type=\"widget\" data-widget_type=\"icon-box.default\">\n\t\t\t\t<div class=\"elementor-widget-container\">\n\t\t\t\t\t\t\t<div class=\"elementor-icon-box-wrapper\">\n\n\t\t\t\t\t\t<div class=\"elementor-icon-box-icon\">\n\t\t\t\t<span  class=\"elementor-icon\">\n\t\t\t\t<i aria-hidden=\"true\" class=\"fas fa-globe-africa\"><\/i>\t\t\t\t<\/span>\n\t\t\t<\/div>\n\t\t\t\n\t\t\t\t\t\t<div class=\"elementor-icon-box-content\">\n\n\t\t\t\t\t\t\t\t\t<h3 class=\"elementor-icon-box-title\">\n\t\t\t\t\t\t<span  >\n\t\t\t\t\t\t\tE A B A\t\t\t\t\t\t<\/span>\n\t\t\t\t\t<\/h3>\n\t\t\t\t\n\t\t\t\t\t\t\t\t\t<p class=\"elementor-icon-box-description\">\n\t\t\t\t\t\tDe l'Afrique \u00e0 l'Afrique.\t\t\t\t\t<\/p>\n\t\t\t\t\n\t\t\t<\/div>\n\t\t\t\n\t\t<\/div>\n\t\t\t\t\t\t<\/div>\n\t\t\t\t<\/div>\n\t\t\t\t\t<\/div>\n\t\t<\/div>\n\t\t\t\t<div class=\"elementor-column elementor-col-33 elementor-top-column elementor-element elementor-element-7ef108f elementor-invisible\" data-id=\"7ef108f\" data-element_type=\"column\" data-e-type=\"column\" data-settings=\"{&quot;animation&quot;:&quot;fadeInRight&quot;,&quot;background_background&quot;:&quot;classic&quot;}\">\n\t\t\t<div class=\"elementor-widget-wrap elementor-element-populated\">\n\t\t\t\t\t\t<div class=\"elementor-element elementor-element-7bc5149 elementor-view-default elementor-position-block-start elementor-mobile-position-block-start elementor-widget elementor-widget-icon-box\" data-id=\"7bc5149\" data-element_type=\"widget\" data-e-type=\"widget\" data-widget_type=\"icon-box.default\">\n\t\t\t\t<div class=\"elementor-widget-container\">\n\t\t\t\t\t\t\t<div class=\"elementor-icon-box-wrapper\">\n\n\t\t\t\t\t\t<div class=\"elementor-icon-box-icon\">\n\t\t\t\t<span  class=\"elementor-icon\">\n\t\t\t\t<i aria-hidden=\"true\" class=\"far fa-lightbulb\"><\/i>\t\t\t\t<\/span>\n\t\t\t<\/div>\n\t\t\t\n\t\t\t\t\t\t<div class=\"elementor-icon-box-content\">\n\n\t\t\t\t\t\t\t\t\t<h3 class=\"elementor-icon-box-title\">\n\t\t\t\t\t\t<span  >\n\t\t\t\t\t\t\tLe Message\t\t\t\t\t\t<\/span>\n\t\t\t\t\t<\/h3>\n\t\t\t\t\n\t\t\t\t\t\t\t\t\t<p class=\"elementor-icon-box-description\">\n\t\t\t\t\t\tIl n\u2019y a rien d\u2019impossible gr\u00e2ce \u00e0 la croyance en la vision, de l\u2019\u00e9tude des objectifs et du travail acharn\u00e9 pour r\u00e9aliser l\u2019int\u00e9gration \u00e9conomique Egypto-Africain et de soutenir les activit\u00e9s \u00e9conomiques du continent, Afin d\u2019\u00e9lever sa position sur la sc\u00e8ne mondiale.\t\t\t\t\t<\/p>\n\t\t\t\t\n\t\t\t<\/div>\n\t\t\t\n\t\t<\/div>\n\t\t\t\t\t\t<\/div>\n\t\t\t\t<\/div>\n\t\t\t\t\t<\/div>\n\t\t<\/div>\n\t\t\t\t\t<\/div>\n\t\t<\/section>\n\t\t\t\t<section class=\"elementor-section elementor-top-section elementor-element elementor-element-3e97dce0 elementor-section-boxed elementor-section-height-default elementor-section-height-default\" data-id=\"3e97dce0\" data-element_type=\"section\" data-e-type=\"section\" data-settings=\"{&quot;background_background&quot;:&quot;gradient&quot;}\">\n\t\t\t\t\t\t\t<div class=\"elementor-background-overlay\"><\/div>\n\t\t\t\t\t\t\t<div class=\"elementor-container elementor-column-gap-no\">\n\t\t\t\t\t<div class=\"elementor-column elementor-col-100 elementor-top-column elementor-element elementor-element-2105c7d7\" data-id=\"2105c7d7\" data-element_type=\"column\" data-e-type=\"column\" data-settings=\"{&quot;background_background&quot;:&quot;classic&quot;}\">\n\t\t\t<div class=\"elementor-widget-wrap elementor-element-populated\">\n\t\t\t\t\t\t<div class=\"elementor-element elementor-element-2133c3fa elementor-invisible elementor-widget elementor-widget-heading\" data-id=\"2133c3fa\" data-element_type=\"widget\" data-e-type=\"widget\" data-settings=\"{&quot;_animation&quot;:&quot;fadeInLeft&quot;}\" data-widget_type=\"heading.default\">\n\t\t\t\t<div class=\"elementor-widget-container\">\n\t\t\t\t\t<h1 class=\"elementor-heading-title elementor-size-default\">Les Objectifs<\/h1>\t\t\t\t<\/div>\n\t\t\t\t<\/div>\n\t\t\t\t<div class=\"elementor-element elementor-element-6a77680 elementor-invisible elementor-widget elementor-widget-text-editor\" data-id=\"6a77680\" data-element_type=\"widget\" data-e-type=\"widget\" data-settings=\"{&quot;_animation&quot;:&quot;fadeInRight&quot;}\" data-widget_type=\"text-editor.default\">\n\t\t\t\t<div class=\"elementor-widget-container\">\n\t\t\t\t\t\t\t\t\t<div class=\"wpb_text_column wpb_content_element \"><div class=\"wpb_wrapper\"><ul><li>Accro\u00eetre la sensibilisation \u00e9conomique, investissement et commerciale entre l\u2019\u00c9gypte et l\u2019Afrique.<\/li><li>Contribuer \u00e0 confirmer la politique de l\u2019\u00c9tat \u00e9gyptien en harmonie avec les pays africains de secteur d\u2019\u00e9conomie et d\u2019investissement.<\/li><li>Soutenir le dossier de la coop\u00e9ration commerciale \u00e9gypto-africain et ouvrir de nouveaux horizons, Pour faciliter la connaissance entre les hommes d\u2019affaires \u00e9gyptiens et africains.<\/li><li>Contribuer \u00e0 l&rsquo;avancement de l&rsquo;\u00e9conomie et au d\u00e9veloppement des relations \u00e9gypto-africaines avec la participation de plus grand nombre d&rsquo;hommes d&rsquo;affaires du continent africain.<\/li><li>Adopter les probl\u00e8mes et les enjeux auxquels est confront\u00e9e la communaut\u00e9 des affaires en \u00c9gypte et en Afrique \u00e0 travers des m\u00e9canismes visant \u00e0 r\u00e9aliser le bien commun des membres.<\/li><li>Trouver des solutions pratiques pouvant \u00eatre mises en \u0153uvre pour am\u00e9liorer la qualit\u00e9 du secteur \u00e9conomique sur le continent africain.<\/li><li>Cr\u00e9er un climat \u00e9conomique qui aide la communaut\u00e9 commerciale et financi\u00e8re africain \u00e0 mettre en \u0153uvre ses objectifs.<\/li><\/ul><\/div><\/div>\t\t\t\t\t\t\t\t<\/div>\n\t\t\t\t<\/div>\n\t\t\t\t\t<\/div>\n\t\t<\/div>\n\t\t\t\t\t<\/div>\n\t\t<\/section>\n\t\t\t\t<section class=\"elementor-section elementor-top-section elementor-element elementor-element-375d8ed elementor-section-boxed elementor-section-height-default elementor-section-height-default\" data-id=\"375d8ed\" data-element_type=\"section\" data-e-type=\"section\" data-settings=\"{&quot;background_background&quot;:&quot;classic&quot;}\">\n\t\t\t\t\t\t<div class=\"elementor-container elementor-column-gap-default\">\n\t\t\t\t\t<div class=\"elementor-column elementor-col-33 elementor-top-column elementor-element elementor-element-7b9d32f elementor-invisible\" data-id=\"7b9d32f\" data-element_type=\"column\" data-e-type=\"column\" data-settings=\"{&quot;animation&quot;:&quot;fadeInLeft&quot;}\">\n\t\t\t<div class=\"elementor-widget-wrap\">\n\t\t\t\t\t\t\t<\/div>\n\t\t<\/div>\n\t\t\t\t<div class=\"elementor-column elementor-col-33 elementor-top-column elementor-element elementor-element-b519d85 elementor-invisible\" data-id=\"b519d85\" data-element_type=\"column\" data-e-type=\"column\" data-settings=\"{&quot;animation&quot;:&quot;fadeInUp&quot;,&quot;background_background&quot;:&quot;classic&quot;}\">\n\t\t\t<div class=\"elementor-widget-wrap elementor-element-populated\">\n\t\t\t\t\t<div class=\"elementor-background-overlay\"><\/div>\n\t\t\t\t\t\t<div class=\"elementor-element elementor-element-fbe2755 elementor-view-default elementor-position-block-start elementor-mobile-position-block-start elementor-widget elementor-widget-icon-box\" data-id=\"fbe2755\" data-element_type=\"widget\" data-e-type=\"widget\" data-widget_type=\"icon-box.default\">\n\t\t\t\t<div class=\"elementor-widget-container\">\n\t\t\t\t\t\t\t<div class=\"elementor-icon-box-wrapper\">\n\n\t\t\t\t\t\t<div class=\"elementor-icon-box-icon\">\n\t\t\t\t<a href=\"https:\/\/eaba-com.com\/wp-content\/uploads\/2024\/01\/EABA-Presentation-English.pdf\" target=\"_blank\" class=\"elementor-icon\" tabindex=\"-1\" aria-label=\"T\u00e9l\u00e9charger\">\n\t\t\t\t<i aria-hidden=\"true\" class=\"far fa-file-alt\"><\/i>\t\t\t\t<\/a>\n\t\t\t<\/div>\n\t\t\t\n\t\t\t\t\t\t<div class=\"elementor-icon-box-content\">\n\n\t\t\t\t\t\t\t\t\t<h3 class=\"elementor-icon-box-title\">\n\t\t\t\t\t\t<a href=\"https:\/\/eaba-com.com\/wp-content\/uploads\/2024\/01\/EABA-Presentation-English.pdf\" target=\"_blank\" >\n\t\t\t\t\t\t\tT\u00e9l\u00e9charger\t\t\t\t\t\t<\/a>\n\t\t\t\t\t<\/h3>\n\t\t\t\t\n\t\t\t\t\t\t\t\t\t<p class=\"elementor-icon-box-description\">\n\t\t\t\t\t\tProfil de l'EABA \t\t\t\t\t<\/p>\n\t\t\t\t\n\t\t\t<\/div>\n\t\t\t\n\t\t<\/div>\n\t\t\t\t\t\t<\/div>\n\t\t\t\t<\/div>\n\t\t\t\t\t<\/div>\n\t\t<\/div>\n\t\t\t\t<div class=\"elementor-column elementor-col-33 elementor-top-column elementor-element elementor-element-3e61b4e elementor-invisible\" data-id=\"3e61b4e\" data-element_type=\"column\" data-e-type=\"column\" data-settings=\"{&quot;animation&quot;:&quot;fadeInRight&quot;}\">\n\t\t\t<div class=\"elementor-widget-wrap\">\n\t\t\t\t\t\t\t<\/div>\n\t\t<\/div>\n\t\t\t\t\t<\/div>\n\t\t<\/section>\n\t\t\t\t<\/div>\n\t\t","protected":false},"excerpt":{"rendered":"<p>\u00c0 propos de Nous Association des hommes d\u2019affaires Egyptiens et Africains. EABA L\u2019association des hommes d\u2019affaires egyptiens et africains a \u00e9t\u00e9 cr\u00e9\u00e9e au debut de [&hellip;]<\/p>\n","protected":false},"author":454,"featured_media":0,"parent":0,"menu_order":0,"comment_status":"closed","ping_status":"closed","template":"","meta":{"pmpro_default_level":"","site-sidebar-layout":"no-sidebar","site-content-layout":"page-builder","ast-site-content-layout":"full-width-container","site-content-style":"unboxed","site-sidebar-style":"unboxed","ast-global-header-display":"","ast-banner-title-visibility":"","ast-main-header-display":"","ast-hfb-above-header-display":"","ast-hfb-below-header-display":"","ast-hfb-mobile-header-display":"","site-post-title":"disabled","ast-breadcrumbs-content":"","ast-featured-img":"disabled","footer-sml-layout":"","ast-disable-related-posts":"","theme-transparent-header-meta":"enabled","adv-header-id-meta":"","stick-header-meta":"default","header-above-stick-meta":"","header-main-stick-meta":"","header-below-stick-meta":"","astra-migrate-meta-layouts":"default","ast-page-background-enabled":"default","ast-page-background-meta":{"desktop":{"background-color":"","background-image":"","background-repeat":"repeat","background-position":"center center","background-size":"auto","background-attachment":"scroll","background-type":"","background-media":"","overlay-type":"","overlay-color":"","overlay-opacity":"","overlay-gradient":""},"tablet":{"background-color":"","background-image":"","background-repeat":"repeat","background-position":"center center","background-size":"auto","background-attachment":"scroll","background-type":"","background-media":"","overlay-type":"","overlay-color":"","overlay-opacity":"","overlay-gradient":""},"mobile":{"background-color":"","background-image":"","background-repeat":"repeat","background-position":"center center","background-size":"auto","background-attachment":"scroll","background-type":"","background-media":"","overlay-type":"","overlay-color":"","overlay-opacity":"","overlay-gradient":""}},"ast-content-background-meta":{"desktop":{"background-color":"var(--ast-global-color-5)","background-image":"","background-repeat":"repeat","background-position":"center center","background-size":"auto","background-attachment":"scroll","background-type":"","background-media":"","overlay-type":"","overlay-color":"","overlay-opacity":"","overlay-gradient":""},"tablet":{"background-color":"var(--ast-global-color-5)","background-image":"","background-repeat":"repeat","background-position":"center center","background-size":"auto","background-attachment":"scroll","background-type":"","background-media":"","overlay-type":"","overlay-color":"","overlay-opacity":"","overlay-gradient":""},"mobile":{"background-color":"var(--ast-global-color-5)","background-image":"","background-repeat":"repeat","background-position":"center center","background-size":"auto","background-attachment":"scroll","background-type":"","background-media":"","overlay-type":"","overlay-color":"","overlay-opacity":"","overlay-gradient":""}},"footnotes":""},"class_list":["post-35495","page","type-page","status-publish","hentry","pmpro-has-access"],"_links":{"self":[{"href":"https:\/\/eaba-com.com\/fr\/wp-json\/wp\/v2\/pages\/35495","targetHints":{"allow":["GET"]}}],"collection":[{"href":"https:\/\/eaba-com.com\/fr\/wp-json\/wp\/v2\/pages"}],"about":[{"href":"https:\/\/eaba-com.com\/fr\/wp-json\/wp\/v2\/types\/page"}],"author":[{"embeddable":true,"href":"https:\/\/eaba-com.com\/fr\/wp-json\/wp\/v2\/users\/454"}],"replies":[{"embeddable":true,"href":"https:\/\/eaba-com.com\/fr\/wp-json\/wp\/v2\/comments?post=35495"}],"version-history":[{"count":2,"href":"https:\/\/eaba-com.com\/fr\/wp-json\/wp\/v2\/pages\/35495\/revisions"}],"predecessor-version":[{"id":52157,"href":"https:\/\/eaba-com.com\/fr\/wp-json\/wp\/v2\/pages\/35495\/revisions\/52157"}],"wp:attachment":[{"href":"https:\/\/eaba-com.com\/fr\/wp-json\/wp\/v2\/media?parent=35495"}],"curies":[{"name":"wp","href":"https:\/\/api.w.org\/{rel}","templated":true}]}}